{"id":1382,"date":"2024-03-27T11:00:50","date_gmt":"2024-03-27T14:00:50","guid":{"rendered":"https:\/\/centronorteseg.com.br\/?page_id=1382"},"modified":"2024-03-27T11:21:41","modified_gmt":"2024-03-27T14:21:41","slug":"whatsapp","status":"publish","type":"page","link":"https:\/\/centronorteseg.com.br\/index.php\/whatsapp\/","title":{"rendered":""},"content":{"rendered":"\t\t<div data-elementor-type=\"wp-page\" data-elementor-id=\"1382\" class=\"elementor elementor-1382\">\n\t\t\t\t\t\t\t<div class=\"elementor-element elementor-element-a9f11c1 e-flex e-con-boxed e-con e-parent\" data-id=\"a9f11c1\" data-element_type=\"container\" data-settings=\"{&quot;content_width&quot;:&quot;boxed&quot;}\" data-core-v316-plus=\"true\">\n\t\t\t\t\t<div class=\"e-con-inner\">\n\t\t\t\t<div class=\"elementor-element elementor-element-e01de2e elementor-widget elementor-widget-html\" data-id=\"e01de2e\" data-element_type=\"widget\" data-widget_type=\"html.default\">\n\t\t\t\t<div class=\"elementor-widget-container\">\n\t\t\t<script>\r\n    \/\/ Fun\u00e7\u00e3o para redirecionar ap\u00f3s 3 segundos\r\n    function redirecionarParaWhatsApp() {\r\n        setTimeout(function() {\r\n            window.location.href = \"https:\/\/wa.me\/556381503492?text=Ol%C3%A1%2C+vim+do+seu+site+e+gostaria+de+realizar+um+or%C3%A7amento.\";\r\n        }, 4000); \/\/ 3000 milissegundos = 3 segundos\r\n    }\r\n\r\n    \/\/ Chama a fun\u00e7\u00e3o ap\u00f3s o carregamento da p\u00e1gina\r\n    window.onload = redirecionarParaWhatsApp;\r\n<\/script>\r\n\t\t<\/div>\n\t\t\t\t<\/div>\n\t\t\t\t\t<\/div>\n\t\t\t\t<\/div>\n\t\t<div class=\"elementor-element elementor-element-468f704 e-flex e-con-boxed e-con e-parent\" data-id=\"468f704\" data-element_type=\"container\" data-settings=\"{&quot;content_width&quot;:&quot;boxed&quot;}\" data-core-v316-plus=\"true\">\n\t\t\t\t\t<div class=\"e-con-inner\">\n\t\t\t\t<div class=\"elementor-element elementor-element-b0ca40d elementor-widget elementor-widget-image\" data-id=\"b0ca40d\" data-element_type=\"widget\" data-widget_type=\"image.default\">\n\t\t\t\t<div class=\"elementor-widget-container\">\n\t\t\t<style>\/*! elementor - v3.16.0 - 14-09-2023 *\/\n.elementor-widget-image{text-align:center}.elementor-widget-image a{display:inline-block}.elementor-widget-image a img[src$=\".svg\"]{width:48px}.elementor-widget-image img{vertical-align:middle;display:inline-block}<\/style>\t\t\t\t\t\t\t\t\t\t\t\t<img decoding=\"async\" loading=\"lazy\" width=\"475\" height=\"480\" src=\"https:\/\/centronorteseg.com.br\/wp-content\/uploads\/2024\/03\/ZKZg.gif\" class=\"attachment-large size-large wp-image-1400\" alt=\"\" \/>\t\t\t\t\t\t\t\t\t\t\t\t\t\t\t<\/div>\n\t\t\t\t<\/div>\n\t\t\t\t\t<\/div>\n\t\t\t\t<\/div>\n\t\t\t\t\t\t\t<\/div>\n\t\t","protected":false},"excerpt":{"rendered":"","protected":false},"author":2,"featured_media":0,"parent":0,"menu_order":0,"comment_status":"closed","ping_status":"closed","template":"","meta":{"footnotes":""},"_links":{"self":[{"href":"https:\/\/centronorteseg.com.br\/index.php\/wp-json\/wp\/v2\/pages\/1382"}],"collection":[{"href":"https:\/\/centronorteseg.com.br\/index.php\/wp-json\/wp\/v2\/pages"}],"about":[{"href":"https:\/\/centronorteseg.com.br\/index.php\/wp-json\/wp\/v2\/types\/page"}],"author":[{"embeddable":true,"href":"https:\/\/centronorteseg.com.br\/index.php\/wp-json\/wp\/v2\/users\/2"}],"replies":[{"embeddable":true,"href":"https:\/\/centronorteseg.com.br\/index.php\/wp-json\/wp\/v2\/comments?post=1382"}],"version-history":[{"count":21,"href":"https:\/\/centronorteseg.com.br\/index.php\/wp-json\/wp\/v2\/pages\/1382\/revisions"}],"predecessor-version":[{"id":1410,"href":"https:\/\/centronorteseg.com.br\/index.php\/wp-json\/wp\/v2\/pages\/1382\/revisions\/1410"}],"wp:attachment":[{"href":"https:\/\/centronorteseg.com.br\/index.php\/wp-json\/wp\/v2\/media?parent=1382"}],"curies":[{"name":"wp","href":"https:\/\/api.w.org\/{rel}","templated":true}]}}